{"id":24,"date":"2025-11-17T05:58:47","date_gmt":"2025-11-17T05:58:47","guid":{"rendered":"https:\/\/9tr88.xyz\/?page_id=24"},"modified":"2025-11-17T11:10:33","modified_gmt":"2025-11-17T11:10:33","slug":"trang-chu","status":"publish","type":"page","link":"https:\/\/9tr88.xyz\/","title":{"rendered":"Trang ch\u1ee7"},"content":{"rendered":"<div class=\"slider-wrapper relative\" id=\"slider-1457895217\" >\n    <div class=\"slider slider-nav-circle slider-nav-large slider-nav-light slider-style-normal\"\n        data-flickity-options='{\n            \"cellAlign\": \"center\",\n            \"imagesLoaded\": true,\n            \"lazyLoad\": 1,\n            \"freeScroll\": false,\n            \"wrapAround\": true,\n            \"autoPlay\": 6000,\n            \"pauseAutoPlayOnHover\" : true,\n            \"prevNextButtons\": true,\n            \"contain\" : true,\n            \"adaptiveHeight\" : true,\n            \"dragThreshold\" : 10,\n            \"percentPosition\": true,\n            \"pageDots\": true,\n            \"rightToLeft\": false,\n            \"draggable\": true,\n            \"selectedAttraction\": 0.1,\n            \"parallax\" : 0,\n            \"friction\": 0.6        }'\n        >\n        \n\t<div class=\"img has-hover x md-x lg-x y md-y lg-y\" id=\"image_653046774\">\n\t\t<a class=\"\" href=\"https:\/\/9tr88.xyz\/dn\" >\t\t<div data-parallax-fade=\"true\" data-parallax=\"1\">\t\t\t\t<div class=\"img-inner dark\" >\n\t\t\t<img loading=\"lazy\" decoding=\"async\" width=\"704\" height=\"267\" src=\"https:\/\/9tr88.xyz\/wp-content\/uploads\/2025\/11\/tr88-a11.webp\" class=\"attachment-large size-large\" alt=\"9tr88\" srcset=\"https:\/\/9tr88.xyz\/wp-content\/uploads\/2025\/11\/tr88-a11.webp 704w, https:\/\/9tr88.xyz\/wp-content\/uploads\/2025\/11\/tr88-a11-300x114.webp 300w\" sizes=\"auto, (max-width: 704px) 100vw, 704px\" \/>\t\t\t\t\t\t\n\t\t\t\t\t<\/div>\n\t\t\t\t<\/div>\t\t<\/a>\t\t\n<style>\n#image_653046774 {\n  width: 100%;\n}\n<\/style>\n\t<\/div>\n\t\n     <\/div>\n\n     <div class=\"loading-spin dark large centered\"><\/div>\n\n\t<\/div>\n\n\n<div class=\"row\"  id=\"row-818182840\">\n\n\t<div id=\"col-1623355754\" class=\"col medium-3 small-6 large-3\"  >\n\t\t\t\t<div class=\"col-inner\"  >\n\t\t\t\n\t\t\t\n<p><\/span><\/p>\n<p><span style=\"font-family: arial, helvetica, sans-serif;\"><\/p>\n\t<div id=\"text-2493516934\" class=\"text\">\n\t\t\n<p><\/span><\/p>\n<h5><span style=\"font-family: verdana, geneva, sans-serif;\"><img loading=\"lazy\" decoding=\"async\" class=\"size-full wp-image-121 aligncenter\" src=\"https:\/\/9tr88.xyz\/wp-content\/uploads\/2025\/11\/download2-9tr88.jpg\" alt=\"9tr88\" width=\"225\" height=\"225\" srcset=\"https:\/\/9tr88.xyz\/wp-content\/uploads\/2025\/11\/download2-9tr88.jpg 225w, https:\/\/9tr88.xyz\/wp-content\/uploads\/2025\/11\/download2-9tr88-150x150.jpg 150w\" sizes=\"auto, (max-width: 225px) 100vw, 225px\" \/><\/span><\/h5>\n<h5 style=\"text-align: center;\"><span style=\"color: #ed1c24; font-family: verdana, geneva, sans-serif;\"><strong>NH\u00c0 C\u00c1I UY T\u00cdN<\/strong><\/span><\/h5>\n<p><span style=\"font-family: verdana, geneva, sans-serif;\"><span style=\"color: #ed1c24;\">9tr88<\/span> \u0111\u01b0\u1ee3c c\u1ea5p ph\u00e9p h\u1ee3p ph\u00e1p b\u1edfi Isle of Man v\u00e0 Cagayan cam k\u1ebft minh b\u1ea1ch, uy t\u00edn.<\/span><\/p>\n<p><span style=\"font-family: arial, helvetica, sans-serif;\"><br \/>\n\t\t\n<style>\n#text-2493516934 {\n  color: rgb(0,0,0);\n}\n#text-2493516934 > * {\n  color: rgb(0,0,0);\n}\n<\/style>\n\t<\/div>\n\t\n<p><\/span><\/p>\n<p><span style=\"font-family: arial, helvetica, sans-serif;\"><\/p>\n\t\t<\/div>\n\t\t\t\t\t<\/div>\n\n\t\n\n\t<div id=\"col-1506030861\" class=\"col medium-3 small-6 large-3\"  >\n\t\t\t\t<div class=\"col-inner\"  >\n\t\t\t\n\t\t\t\n<p><\/span><\/p>\n<p><span style=\"font-family: arial, helvetica, sans-serif;\"><\/p>\n\t<div id=\"text-552367259\" class=\"text\">\n\t\t\n<p><\/span><\/p>\n<h3 style=\"text-align: center;\"><span style=\"font-family: verdana, geneva, sans-serif;\"><strong><span style=\"color: #ed1c24; font-size: 14.4px;\"><img loading=\"lazy\" decoding=\"async\" class=\"alignnone size-medium wp-image-114\" src=\"https:\/\/9tr88.xyz\/wp-content\/uploads\/2025\/11\/9tr88-a4.jpg\" alt=\"\" width=\"192\" height=\"192\" srcset=\"https:\/\/9tr88.xyz\/wp-content\/uploads\/2025\/11\/9tr88-a4.jpg 192w, https:\/\/9tr88.xyz\/wp-content\/uploads\/2025\/11\/9tr88-a4-150x150.jpg 150w\" sizes=\"auto, (max-width: 192px) 100vw, 192px\" \/><\/span><\/strong><\/span><\/h3>\n<h3 style=\"text-align: center;\"><span style=\"font-family: verdana, geneva, sans-serif;\"><strong><span style=\"color: #ed1c24; font-size: 14.4px;\">\u0110A D\u1ea0NG S\u1ea2NH C\u01af\u1ee2C<\/span><\/strong><\/span><\/h3>\n<p><span style=\"font-family: verdana, geneva, sans-serif;\">N\u1ec1n t\u1ea3ng cung c\u1ea5p \u0111a d\u1ea1ng s\u1ea3nh c\u01b0\u1ee3c, nhi\u1ec1u tr\u00f2 ch\u01a1i h\u1ea5p d\u1eabn, ph\u00f9 h\u1ee3p m\u1ecdi s\u1edf th\u00edch.<\/span><\/p>\n<p><span style=\"font-family: arial, helvetica, sans-serif;\"><br \/>\n\t\t\n<style>\n#text-552367259 {\n  color: rgb(0,0,0);\n}\n#text-552367259 > * {\n  color: rgb(0,0,0);\n}\n<\/style>\n\t<\/div>\n\t\n<p><\/span><\/p>\n<p><span style=\"font-family: arial, helvetica, sans-serif;\"><\/p>\n\t\t<\/div>\n\t\t\t\t\t<\/div>\n\n\t\n\n\t<div id=\"col-815783028\" class=\"col medium-3 small-6 large-3\"  >\n\t\t\t\t<div class=\"col-inner\"  >\n\t\t\t\n\t\t\t\n<p><\/span><\/p>\n<p><span style=\"font-family: arial, helvetica, sans-serif;\"><\/p>\n\t<div id=\"text-1280023375\" class=\"text\">\n\t\t\n<p><\/span><\/p>\n<p><span style=\"font-family: verdana, geneva, sans-serif;\"><img loading=\"lazy\" decoding=\"async\" class=\"size-full wp-image-117 aligncenter\" src=\"https:\/\/9tr88.xyz\/wp-content\/uploads\/2025\/11\/download-9tr88.jpg\" alt=\"9tr88\" width=\"225\" height=\"225\" srcset=\"https:\/\/9tr88.xyz\/wp-content\/uploads\/2025\/11\/download-9tr88.jpg 225w, https:\/\/9tr88.xyz\/wp-content\/uploads\/2025\/11\/download-9tr88-150x150.jpg 150w\" sizes=\"auto, (max-width: 225px) 100vw, 225px\" \/><\/span><\/p>\n<h5 class=\"uppercase\"><span style=\"font-family: verdana, geneva, sans-serif;\"><strong><span style=\"color: #ed1c24;\">giao d\u1ecbch si\u00eau t\u1ed1c<\/span><\/strong><\/span><\/h5>\n<p><span style=\"font-family: verdana, geneva, sans-serif;\">H\u1ec7 th\u1ed1ng giao d\u1ecbch t\u1ef1 \u0111\u1ed9ng si\u00eau t\u1ed1c, n\u1ea1p r\u00fat nhanh ch\u00f3ng, b\u1ea3o m\u1eadt tuy\u1ec7t \u0111\u1ed1i.<\/span><\/p>\n<p><span style=\"font-family: arial, helvetica, sans-serif;\"><br \/>\n\t\t\n<style>\n#text-1280023375 {\n  color: rgb(0,0,0);\n}\n#text-1280023375 > * {\n  color: rgb(0,0,0);\n}\n<\/style>\n\t<\/div>\n\t\n<p><\/span><\/p>\n<p><span style=\"font-family: arial, helvetica, sans-serif;\"><\/p>\n\t\t<\/div>\n\t\t\t\t\t<\/div>\n\n\t\n\n\t<div id=\"col-204184042\" class=\"col medium-3 small-6 large-3\"  >\n\t\t\t\t<div class=\"col-inner\"  >\n\t\t\t\n\t\t\t\n<p><\/span><\/p>\n<p><span style=\"font-family: arial, helvetica, sans-serif;\"><\/p>\n\t<div id=\"text-688362095\" class=\"text\">\n\t\t\n<p><\/span><\/p>\n<p><span style=\"font-family: verdana, geneva, sans-serif;\"><img loading=\"lazy\" decoding=\"async\" class=\"size-full wp-image-113\" src=\"https:\/\/9tr88.xyz\/wp-content\/uploads\/2025\/11\/9tr88-a3.jpg\" alt=\"9tr88\" width=\"225\" height=\"225\" srcset=\"https:\/\/9tr88.xyz\/wp-content\/uploads\/2025\/11\/9tr88-a3.jpg 225w, https:\/\/9tr88.xyz\/wp-content\/uploads\/2025\/11\/9tr88-a3-150x150.jpg 150w\" sizes=\"auto, (max-width: 225px) 100vw, 225px\" \/><\/span><\/p>\n<h5 class=\"uppercase\"><span style=\"font-family: verdana, geneva, sans-serif;\"><strong><span style=\"color: #ed1c24;\">an to\u00e0n b\u1ea3o m\u1eadt<\/span><\/strong><\/span><\/h5>\n<p><span style=\"font-family: verdana, geneva, sans-serif;\"><span style=\"color: #ed1c24;\"><strong>9tr88<\/strong> <\/span>cam k\u1ebft an to\u00e0n tuy\u1ec7t \u0111\u1ed1i, b\u1ea3o m\u1eadt th\u00f4ng tin v\u00e0 giao d\u1ecbch cho m\u1ecdi ng\u01b0\u1eddi ch\u01a1i.<\/span><\/p>\n<p><span style=\"font-family: arial, helvetica, sans-serif;\"><br \/>\n\t\t\n<style>\n#text-688362095 {\n  color: rgb(0,0,0);\n}\n#text-688362095 > * {\n  color: rgb(0,0,0);\n}\n<\/style>\n\t<\/div>\n\t\n<p><\/span><\/p>\n<p><span style=\"font-family: arial, helvetica, sans-serif;\"><\/p>\n\t\t<\/div>\n\t\t\t\t\t<\/div>\n\n\t\n<\/div>\n\t<div id=\"text-1236330955\" class=\"text\">\n\t\t\n<p><\/span><\/p>\n<h1 style=\"text-align: center;\"><span style=\"font-family: verdana, geneva, sans-serif;\"><strong><span style=\"color: #ed1c24;\"><a style=\"color: #ed1c24;\" href=\"https:\/\/9tr88.xyz\/dn\" target=\"_blank\" rel=\"noopener\">9tr88<\/a> | Nh\u00e0 C\u00e1i C\u00e1 C\u01b0\u1ee3c \u0110\u1ed5i Th\u01b0\u1edfng Ngh\u00ecn T\u1ef7<\/span><\/strong><\/span><\/h1>\n<p style=\"text-align: center;\"><span style=\"font-family: verdana, geneva, sans-serif;\">Nh\u00e0 c\u00e1i <span style=\"color: #ed1c24;\"><strong>9tr88<\/strong><\/span> n\u1ed5i ti\u1ebfng c\u00f9ng v\u1edbi nh\u1eefng \u01b0u \u0111\u00e3i kh\u1ee7ng h\u00e0ng ngh\u00ecn t\u1ef7 c\u00f9ng nh\u1eefng ph\u1ea7n qu\u00e0 h\u1ea5p d\u1eabn nh\u01b0 s\u0103n 17 promax \u0111\u00e3 thu h\u00fat \u0111\u00f4ng \u0111\u1ea3o ng\u01b0\u1eddi ch\u01a1i tham gia.<\/span><\/p>\n<h2><span style=\"color: #ed1c24; font-family: verdana, geneva, sans-serif;\"><strong>T\u1ed5ng quan v\u1ec1 nh\u00e0 c\u00e1i 9tr88<\/strong><\/span><\/h2>\n<p><span style=\"font-family: verdana, geneva, sans-serif;\">Trong s\u1ed1 nh\u1eefng nh\u00e0 c\u00e1i tr\u1ef1c tuy\u1ebfn n\u1ed5i b\u1eadt t\u1ea1i Vi\u1ec7t Nam, <span style=\"color: #ed1c24;\"><a style=\"color: #ed1c24;\" href=\"https:\/\/9tr88.xyz\/dn\" target=\"_blank\" rel=\"noopener\"><strong>9tr88 com<\/strong><\/a><\/span> \u0111ang d\u1ea7n kh\u1eb3ng \u0111\u1ecbnh v\u1ecb th\u1ebf v\u1edbi h\u1ec7 th\u1ed1ng tr\u00f2 ch\u01a1i phong ph\u00fa, d\u1ecbch v\u1ee5 chuy\u00ean nghi\u1ec7p v\u00e0 ch\u00ednh s\u00e1ch khuy\u1ebfn m\u00e3i h\u1ea5p d\u1eabn. Ngay khi tham gia, ng\u01b0\u1eddi ch\u01a1i m\u1edbi s\u1ebd nh\u1eadn \u0111\u01b0\u1ee3c nhi\u1ec1u ph\u1ea7n qu\u00e0 t\u1eb7ng mi\u1ec5n ph\u00ed ch\u1ec9 v\u1edb v\u00e0i i thao t\u00e1c \u0111\u0103ng k\u00fd \u0111\u01a1n gi\u1ea3n. \u0110\u00e2y l\u00e0 c\u01a1 h\u1ed9i tuy\u1ec7t v\u1eddi \u0111\u1ec3 tr\u1ea3i nghi\u1ec7m c\u00e1c tr\u00f2 ch\u01a1i, l\u00e0m quen v\u1edbi n\u1ec1n t\u1ea3ng m\u00e0 kh\u00f4ng c\u1ea7n ph\u1ea3i \u0111\u1ea7u t\u01b0 v\u1ed1n ban \u0111\u1ea7u. B\u00e0i vi\u1ebft d\u01b0\u1edbi \u0111\u00e2y s\u1ebd gi\u00fap b\u1ea1n hi\u1ec3u r\u00f5 h\u01a1n v\u1ec1 <span style=\"color: #ed1c24;\"><strong>9tr88<\/strong><\/span><\/span><\/p>\n<p><span style=\"font-family: verdana, geneva, sans-serif;\"><img loading=\"lazy\" decoding=\"async\" class=\"aligncenter wp-image-50 size-full\" src=\"https:\/\/9tr88.xyz\/wp-content\/uploads\/2025\/11\/tr88-a1.webp\" alt=\"9tr88\" width=\"704\" height=\"267\" srcset=\"https:\/\/9tr88.xyz\/wp-content\/uploads\/2025\/11\/tr88-a1.webp 704w, https:\/\/9tr88.xyz\/wp-content\/uploads\/2025\/11\/tr88-a1-300x114.webp 300w\" sizes=\"auto, (max-width: 704px) 100vw, 704px\" \/><\/span><\/p>\n<h3><span style=\"color: #ed1c24; font-family: verdana, geneva, sans-serif;\"><strong>\u01afu \u0111i\u1ec3m n\u1ed5i b\u1eadt c\u1ee7a <a style=\"color: #ed1c24;\" href=\"https:\/\/9tr88.xyz\/dk\">9tr88<\/a><\/strong><\/span><\/h3>\n<p data-start=\"146\" data-end=\"683\"><span style=\"font-family: verdana, geneva, sans-serif;\"><span style=\"color: #ed1c24;\"><strong data-start=\"146\" data-end=\"155\">9tr88 com<\/strong><\/span> \u0111\u01b0\u1ee3c \u0111\u00e1nh gi\u00e1 l\u00e0 m\u1ed9t trong nh\u1eefng nh\u00e0 c\u00e1i tr\u1ef1c tuy\u1ebfn uy t\u00edn nh\u1edd s\u1edf h\u1eefu giao di\u1ec7n ti\u1ebfng Vi\u1ec7t th\u00e2n thi\u1ec7n, d\u1ec5 thao t\u00e1c cho c\u1ea3 ng\u01b0\u1eddi m\u1edbi l\u1eabn ng\u01b0\u1eddi ch\u01a1i l\u00e2u n\u0103m. H\u1ec7 th\u1ed1ng \u0111\u01b0\u1ee3c x\u00e2y d\u1ef1ng tr\u00ean n\u1ec1n t\u1ea3ng c\u00f4ng ngh\u1ec7 hi\u1ec7n \u0111\u1ea1i, t\u00edch h\u1ee3p nhi\u1ec1u l\u1edbp b\u1ea3o m\u1eadt gi\u00fap b\u1ea3o v\u1ec7 tuy\u1ec7t \u0111\u1ed1i t\u00e0i kho\u1ea3n v\u00e0 th\u00f4ng tin c\u00e1 nh\u00e2n. Ngo\u00e0i ra, t\u1ed1c \u0111\u1ed9 x\u1eed l\u00fd giao d\u1ecbch c\u0169ng r\u1ea5t nhanh, ch\u1ec9 m\u1ea5t v\u00e0i ph\u00fat \u0111\u1ec3 n\u1ea1p ho\u1eb7c r\u00fat ti\u1ec1n. N\u1ec1n t\u1ea3ng c\u00f2n h\u1ed7 tr\u1ee3 \u0111a d\u1ea1ng thi\u1ebft b\u1ecb t\u1eeb m\u00e1y t\u00ednh, \u0111i\u1ec7n tho\u1ea1i Android cho \u0111\u1ebfn iOS, mang l\u1ea1i tr\u1ea3i nghi\u1ec7m m\u01b0\u1ee3t m\u00e0 v\u00e0 ti\u1ec7n l\u1ee3i \u1edf m\u1ecdi n\u01a1i.<\/span><\/p>\n<h3 data-start=\"146\" data-end=\"683\"><span style=\"color: #ed1c24; font-family: verdana, geneva, sans-serif;\"><strong>Kho t\u00e0ng game \u0111a d\u1ea1ng<\/strong><\/span><\/h3>\n<p><span style=\"font-family: verdana, geneva, sans-serif;\">V\u1edbi s\u1ef1 m\u1ec7nh mang \u0111\u1ebfn m\u1ed9t thi\u00ean \u0111\u01b0\u1eddng c\u00e1c s\u1ea3n ph\u1ea9m c\u00e1 c\u01b0\u1ee3c tr\u1ef1c tuy\u1ebfn \u0111\u1eb3ng c\u1ea5p \u0111\u1ebfn ng\u01b0\u1eddi ch\u01a1i. C\u00e1c s\u1ea3n ph\u1ea9m t\u1ea1i <span style=\"color: #ed1c24;\"><a style=\"color: #ed1c24;\" href=\"https:\/\/9tr88.xyz\/dk\"><strong>9tr88 com<\/strong><\/a>\u00a0<\/span>v\u00f4 c\u00f9ng \u0111a d\u1ea1ng v\u00e0 phong ph\u00fa. \u0110\u1ea3m b\u1ea3o b\u1ea1n s\u1ebd kh\u00f4ng bao gi\u1edd c\u1ea3m th\u1ea5y nh\u00e0m ch\u00e1n khi ch\u01a1i.<\/span><\/p>\n<p><span style=\"font-family: verdana, geneva, sans-serif;\">C\u00f3 th\u1ec3 \u0111i\u1ec3m qua m\u1ed9t s\u1ed1 s\u1ea3n ph\u1ea9m c\u00e1 c\u01b0\u1ee3c \u0111\u01b0\u1ee3c y\u00eau th\u00edch nh\u1ea5t\u00a0nh\u01b0:<\/span><\/p>\n<ul>\n<li><span style=\"font-family: verdana, geneva, sans-serif;\">C\u00e1 c\u01b0\u1ee3c th\u1ec3 thao: b\u00f3ng \u0111\u00e1, b\u00f3ng chuy\u1ec1n, b\u00f3ng b\u1ea7u d\u1ee5c m\u1ef9, b\u00f3ng r\u1ed5<\/span><\/li>\n<li><span style=\"font-family: verdana, geneva, sans-serif;\">C\u00e1 c\u01b0\u1ee3c th\u1ec3 thao \u1ea3o: LOL, FIFA, CSGO, PUBG<\/span><\/li>\n<li><span style=\"font-family: verdana, geneva, sans-serif;\">Game Center: Number game, X\u1ed5 s\u1ed1, B\u1eafn c\u00e1, Quay s\u1ed1 kim t\u00e0i, Quay s\u1ed1 Sexy, Keno, Slot game, Long l\u00e2n quy ph\u1ee5ng<\/span><\/li>\n<li><span style=\"font-family: verdana, geneva, sans-serif;\">Keno v\u00e0 l\u00f4 \u0111\u1ec1 tr\u1ef1c tuy\u1ebfn<\/span><\/li>\n<li><span style=\"font-family: verdana, geneva, sans-serif;\">S\u00f2ng b\u00e0i tr\u1ef1c tuy\u1ebfn: R\u1ed3ng h\u1ed5, Poker, BlackJack, Sicbo, Roulette<\/span><\/li>\n<\/ul>\n<h3><span style=\"color: #ed1c24; font-family: verdana, geneva, sans-serif;\"><strong>Khuy\u1ebfn m\u00e3i \u0111\u1eb7c bi\u1ec7t<\/strong><\/span><\/h3>\n<p><span style=\"font-family: verdana, geneva, sans-serif;\">C\u00e1c s\u1ef1 ki\u1ec7n, ch\u01b0\u01a1ng tr\u00ecnh khuy\u1ebfn l\u00e0 \u0111i\u1ec1u kh\u00f4ng th\u1ec3 thi\u1ebfu khi b\u1ea1n tham gia ch\u01a1i c\u00e1 c\u01b0\u1ee3c t\u1ea1i<span style=\"color: #ed1c24;\"><strong> 9tr88 com<\/strong><\/span>, b\u1ea1n s\u1ebd c\u00f3 c\u01a1 h\u1ed9i nh\u1eadn v\u1ec1 nh\u1eefng ph\u1ea7n th\u01b0\u1edfng c\u1ef1c k\u1ef3 gi\u00e1 tr\u1ecb nh\u01b0 iphone 17promax, v\u00e0 nh\u1eefng s\u1ef1 ki\u1ec7n \u0111ua top gi\u00e1 tr\u1ecb h\u00e0ng ngh\u00ecn t\u1ef7 \u0111\u1ed3ng, ngo\u00e0i ra b\u1ea1n c\u00f3 c\u01a1 h\u1ed9i nh\u1eadn ho\u00e0n ti\u1ec1n h\u00e0ng tu\u1ea7n, giftcode gi\u00e1 tr\u1ecb, tham gia c\u00e1c s\u1ef1 ki\u1ec7n ho\u1eb7c v\u00f2ng quay may m\u1eafn v\u1edbi ph\u1ea7n th\u01b0\u1edfng c\u1ef1c l\u1edbn.<\/span><\/p>\n<p><span style=\"font-family: verdana, geneva, sans-serif;\"><img loading=\"lazy\" decoding=\"async\" class=\"aligncenter wp-image-51 size-full\" src=\"https:\/\/9tr88.xyz\/wp-content\/uploads\/2025\/11\/tr88-a7.webp\" alt=\"9tr88\" width=\"704\" height=\"267\" srcset=\"https:\/\/9tr88.xyz\/wp-content\/uploads\/2025\/11\/tr88-a7.webp 704w, https:\/\/9tr88.xyz\/wp-content\/uploads\/2025\/11\/tr88-a7-300x114.webp 300w\" sizes=\"auto, (max-width: 704px) 100vw, 704px\" \/><\/span><\/p>\n<h3><span style=\"color: #ed1c24; font-family: verdana, geneva, sans-serif;\"><strong>B\u1ea3o m\u1eadt t\u1ed1i t\u00e2n<\/strong><\/span><\/h3>\n<p><span style=\"font-family: verdana, geneva, sans-serif;\"><span style=\"color: #ed1c24;\"><strong>9tr88<\/strong><\/span> c\u00f3 l\u1edbp b\u1ea3o m\u1eadt t\u1ed1i t\u00e2n, s\u1eed d\u1ee5ng nh\u1eefng ph\u01b0\u01a1ng th\u1ee9c hi\u1ec7n \u0111\u1ea1o nh\u1ea5t nh\u01b0: ( t\u01b0\u1eddng l\u1eeda, m\u00e3 h\u00f3a SLL, m\u00e3 x\u00e1c nh\u1eadn&#8230;) gi\u00fap ng\u01b0\u1eddi ch\u01a1i t\u1ef1 tin tham gia c\u00e1 c\u01b0\u1ee3c v\u00e0 b\u1ea3o v\u1ec7 t\u00e0i s\u1ea3n cho ng\u01b0\u1eddi ch\u01a1i 1 c\u00e1ch t\u1ed1i \u0111a.<\/span><\/p>\n<h3 id=\"ftoc-heading-6\" class=\"ftwp-heading\"><span style=\"color: #ed1c24; font-family: verdana, geneva, sans-serif;\"><b>H\u1ec7 th\u1ed1ng n\u1ea1p, r\u00fat ti\u1ec1n nhanh g\u1ecdn<\/b><\/span><\/h3>\n<p data-start=\"2334\" data-end=\"2604\"><span style=\"font-family: verdana, geneva, sans-serif;\"><span style=\"color: #ed1c24;\"><strong data-start=\"2749\" data-end=\"2757\">9tr88 com<\/strong><\/span>\u00a0h\u1ed7 tr\u1ee3 nhi\u1ec1u ph\u01b0\u01a1ng th\u1ee9c thanh to\u00e1n nh\u01b0 chuy\u1ec3n kho\u1ea3n ng\u00e2n h\u00e0ng, v\u00ed \u0111i\u1ec7n t\u1eed Momo, ZaloPay, ViettelPay. T\u1ea5t c\u1ea3 giao d\u1ecbch n\u1ea1p \u2013 r\u00fat\u00a0\u0111\u1ec1u \u0111\u01b0\u1ee3c x\u1eed l\u00fd nhanh ch\u00f3ng, ch\u1ec9 1\u20133 ph\u00fat cho n\u1ea1p ti\u1ec1n v\u00e0 5\u201310 ph\u00fat <span style=\"color: #333333;\">cho r\u00fat ti\u1ec1n, \u0111\u1ea3m b\u1ea3o ti\u1ec7n l\u1ee3i v\u00e0 an to\u00e0n tuy\u1ec7t \u0111\u1ed1i.<\/span><\/span><\/p>\n<h2 data-start=\"2334\" data-end=\"2604\"><span style=\"color: #ed1c24; font-family: verdana, geneva, sans-serif;\"><strong>K\u1ebft Lu\u1eadn<\/strong><\/span><\/h2>\n<p><span style=\"font-family: verdana, geneva, sans-serif;\">V\u1edbi ch\u00ednh s\u00e1ch minh b\u1ea1ch, h\u1ed7 tr\u1ee3 24\/7 v\u00e0 h\u1ec7 sinh th\u00e1i gi\u1ea3i tr\u00ed phong ph\u00fa, <strong><span style=\"color: #ed1c24;\"><a style=\"color: #ed1c24;\" href=\"https:\/\/9tr88.xyz\/dn\" target=\"_blank\" rel=\"noopener\">9tr88 com<\/a><\/span>\u00a0 <\/strong>l\u00e0 l\u1ef1a ch\u1ecdn l\u00fd t\u01b0\u1edfng cho ng\u01b0\u1eddi ch\u01a1i \u0111ang t\u00ecm ki\u1ebfm s\u00e2n ch\u01a1i uy t\u00edn, an to\u00e0n v\u00e0 nhi\u1ec1u \u01b0u \u0111\u00e3i.<\/span><\/p>\n<p><span style=\"font-family: arial, helvetica, sans-serif;\"><br \/>\n\t\t\n<style>\n#text-1236330955 {\n  font-size: 1.15rem;\n  color: rgb(0,0,0);\n}\n#text-1236330955 > * {\n  color: rgb(0,0,0);\n}\n<\/style>\n\t<\/div>\n\t\n<div class=\"row\"  id=\"row-2016633940\">\n\n\t<div id=\"col-364530953\" class=\"col medium-4 small-12 large-4\"  >\n\t\t\t\t<div class=\"col-inner\"  >\n\t\t\t\n\t\t\t\n<p><\/span><\/p>\n<p><span style=\"font-family: arial, helvetica, sans-serif;\"><\/p>\n\t<div class=\"img has-hover x md-x lg-x y md-y lg-y\" id=\"image_1746567491\">\n\t\t\t\t\t\t\t\t<div class=\"img-inner dark\" >\n\t\t\t<img loading=\"lazy\" decoding=\"async\" width=\"704\" height=\"267\" src=\"https:\/\/9tr88.xyz\/wp-content\/uploads\/2025\/11\/tr88-a9.webp\" class=\"attachment-large size-large\" alt=\"9tr88\" srcset=\"https:\/\/9tr88.xyz\/wp-content\/uploads\/2025\/11\/tr88-a9.webp 704w, https:\/\/9tr88.xyz\/wp-content\/uploads\/2025\/11\/tr88-a9-300x114.webp 300w\" sizes=\"auto, (max-width: 704px) 100vw, 704px\" \/>\t\t\t\t\t\t\n\t\t\t\t\t<\/div>\n\t\t\t\t\t\t\t\t\n<style>\n#image_1746567491 {\n  width: 100%;\n}\n<\/style>\n\t<\/div>\n\t\n<p><\/span><\/p>\n<p><span style=\"font-family: arial, helvetica, sans-serif;\"><\/p>\n\t<div id=\"text-1410270741\" class=\"text\">\n\t\t\n<p><\/span><\/p>\n<p style=\"text-align: center;\"><span style=\"color: #ed1c24; font-family: verdana, geneva, sans-serif;\"><strong>Tri \u00e2n h\u1ed9i vi\u00ean<\/strong><\/span><\/p>\n<p><span style=\"font-family: verdana, geneva, sans-serif;\">ng\u00e0y 15- 25 h\u00e0ng th\u00e1ng tri \u00e2n h\u1ed9i vi\u00ean gi\u00e1 tr\u1ecb th\u01b0\u1edfng l\u00ean \u0111\u1ebfn 5888 t\u1ef7<\/span><br \/>\n<span style=\"font-family: arial, helvetica, sans-serif;\"><br \/>\n\t\t\n<style>\n#text-1410270741 {\n  color: rgb(0,0,0);\n}\n#text-1410270741 > * {\n  color: rgb(0,0,0);\n}\n<\/style>\n\t<\/div>\n\t\n<p><\/span><\/p>\n<p><span style=\"font-family: arial, helvetica, sans-serif;\"><\/p>\n\t\t<\/div>\n\t\t\t\t\t<\/div>\n\n\t\n\n\t<div id=\"col-1824032904\" class=\"col medium-4 small-12 large-4\"  >\n\t\t\t\t<div class=\"col-inner\"  >\n\t\t\t\n\t\t\t\n<p><\/span><\/p>\n<p><span style=\"font-family: arial, helvetica, sans-serif;\"><\/p>\n\t<div class=\"img has-hover x md-x lg-x y md-y lg-y\" id=\"image_1942250383\">\n\t\t\t\t\t\t\t\t<div class=\"img-inner dark\" >\n\t\t\t<img loading=\"lazy\" decoding=\"async\" width=\"704\" height=\"267\" src=\"https:\/\/9tr88.xyz\/wp-content\/uploads\/2025\/11\/tr88-a4.webp\" class=\"attachment-large size-large\" alt=\"9tr88\" srcset=\"https:\/\/9tr88.xyz\/wp-content\/uploads\/2025\/11\/tr88-a4.webp 704w, https:\/\/9tr88.xyz\/wp-content\/uploads\/2025\/11\/tr88-a4-300x114.webp 300w\" sizes=\"auto, (max-width: 704px) 100vw, 704px\" \/>\t\t\t\t\t\t\n\t\t\t\t\t<\/div>\n\t\t\t\t\t\t\t\t\n<style>\n#image_1942250383 {\n  width: 100%;\n}\n<\/style>\n\t<\/div>\n\t\n<p><\/span><\/p>\n<p><span style=\"font-family: arial, helvetica, sans-serif;\"><\/p>\n\t<div id=\"text-760034155\" class=\"text\">\n\t\t\n<p><\/span><\/p>\n<p style=\"text-align: center;\"><span style=\"color: #ed1c24; font-family: verdana, geneva, sans-serif;\"><strong>khuy\u1ebfn m\u00e3i \u0111\u00f4c quy\u1ec1n<\/strong><\/span><\/p>\n<p><span style=\"font-family: verdana, geneva, sans-serif;\">Gi\u1edbi thi\u1ec7u b\u1ea1n b\u00e8 &#8211; \u01b0u \u0111\u00e3i ng\u1eadp tr\u00e0n<\/span><\/p>\n<p><span style=\"font-family: verdana, geneva, sans-serif;\">Th\u01b0\u1edfng l\u1eddi m\u1eddi l\u00ean \u0111\u1ebfn 198k<\/span><\/p>\n<p><span style=\"font-family: verdana, geneva, sans-serif;\">N\u1ea1p ti\u1ec1n th\u01b0\u1edfng ngay 1,98%<\/span><\/p>\n<p><span style=\"font-family: verdana, geneva, sans-serif;\">Ho\u00e0n tr\u1ea3 ti\u1ec1n c\u01b0\u1ee3c 0.68%<\/span><\/p>\n<p><span style=\"font-family: verdana, geneva, sans-serif;\">Th\u01b0\u1edfng th\u00e0nh t\u00edch 388,888k<\/span><br \/>\n<span style=\"font-family: arial, helvetica, sans-serif;\"><br \/>\n\t\t\n<style>\n#text-760034155 {\n  color: rgb(0,0,0);\n}\n#text-760034155 > * {\n  color: rgb(0,0,0);\n}\n<\/style>\n\t<\/div>\n\t\n<p><\/span><\/p>\n<p><span style=\"font-family: arial, helvetica, sans-serif;\"><\/p>\n\t\t<\/div>\n\t\t\t\t\t<\/div>\n\n\t\n\n\t<div id=\"col-583502029\" class=\"col medium-4 small-12 large-4\"  >\n\t\t\t\t<div class=\"col-inner\"  >\n\t\t\t\n\t\t\t\n<p><\/span><\/p>\n<p><span style=\"font-family: arial, helvetica, sans-serif;\"><\/p>\n\t<div class=\"img has-hover x md-x lg-x y md-y lg-y\" id=\"image_1832057893\">\n\t\t\t\t\t\t\t\t<div class=\"img-inner dark\" >\n\t\t\t<img loading=\"lazy\" decoding=\"async\" width=\"704\" height=\"267\" src=\"https:\/\/9tr88.xyz\/wp-content\/uploads\/2025\/11\/tr88-a6.webp\" class=\"attachment-large size-large\" alt=\"9tr88\" srcset=\"https:\/\/9tr88.xyz\/wp-content\/uploads\/2025\/11\/tr88-a6.webp 704w, https:\/\/9tr88.xyz\/wp-content\/uploads\/2025\/11\/tr88-a6-300x114.webp 300w\" sizes=\"auto, (max-width: 704px) 100vw, 704px\" \/>\t\t\t\t\t\t\n\t\t\t\t\t<\/div>\n\t\t\t\t\t\t\t\t\n<style>\n#image_1832057893 {\n  width: 100%;\n}\n<\/style>\n\t<\/div>\n\t\n<p><\/span><\/p>\n<p><span style=\"font-family: arial, helvetica, sans-serif;\"><\/p>\n\t<div id=\"text-908161174\" class=\"text\">\n\t\t\n<p><\/span><\/p>\n<p style=\"text-align: center;\"><span style=\"color: #ed1c24; font-family: verdana, geneva, sans-serif;\"><strong>Khuy\u1ebfn m\u00e3i t\u1ea3i app<\/strong><\/span><\/p>\n<p><span style=\"font-family: verdana, geneva, sans-serif;\">T\u1ea3i app v\u1ec1 nh\u1eadn ngay l\u00ec x\u00ec 988k truy c\u1eadp si\u00eau m\u01b0\u1ee3t, kh\u00f4ng lo gi\u1eadt lag.<\/span><br \/>\n<span style=\"font-family: arial, helvetica, sans-serif;\"><br \/>\n\t\t\n<style>\n#text-908161174 {\n  color: rgb(0,0,0);\n}\n#text-908161174 > * {\n  color: rgb(0,0,0);\n}\n<\/style>\n\t<\/div>\n\t\n<p><\/span><\/p>\n<p><span style=\"font-family: arial, helvetica, sans-serif;\"><\/p>\n\t\t<\/div>\n\t\t\t\t\t<\/div>\n\n\t\n<\/div>\n","protected":false},"excerpt":{"rendered":"","protected":false},"author":1,"featured_media":12,"parent":0,"menu_order":0,"comment_status":"closed","ping_status":"closed","template":"","meta":{"footnotes":""},"class_list":["post-24","page","type-page","status-publish","has-post-thumbnail","hentry"],"_links":{"self":[{"href":"https:\/\/9tr88.xyz\/index.php?rest_route=\/wp\/v2\/pages\/24","targetHints":{"allow":["GET"]}}],"collection":[{"href":"https:\/\/9tr88.xyz\/index.php?rest_route=\/wp\/v2\/pages"}],"about":[{"href":"https:\/\/9tr88.xyz\/index.php?rest_route=\/wp\/v2\/types\/page"}],"author":[{"embeddable":true,"href":"https:\/\/9tr88.xyz\/index.php?rest_route=\/wp\/v2\/users\/1"}],"replies":[{"embeddable":true,"href":"https:\/\/9tr88.xyz\/index.php?rest_route=%2Fwp%2Fv2%2Fcomments&post=24"}],"version-history":[{"count":56,"href":"https:\/\/9tr88.xyz\/index.php?rest_route=\/wp\/v2\/pages\/24\/revisions"}],"predecessor-version":[{"id":128,"href":"https:\/\/9tr88.xyz\/index.php?rest_route=\/wp\/v2\/pages\/24\/revisions\/128"}],"wp:featuredmedia":[{"embeddable":true,"href":"https:\/\/9tr88.xyz\/index.php?rest_route=\/wp\/v2\/media\/12"}],"wp:attachment":[{"href":"https:\/\/9tr88.xyz\/index.php?rest_route=%2Fwp%2Fv2%2Fmedia&parent=24"}],"curies":[{"name":"wp","href":"https:\/\/api.w.org\/{rel}","templated":true}]}}